{"id":582,"date":"2025-11-03T19:18:19","date_gmt":"2025-11-03T18:18:19","guid":{"rendered":"https:\/\/saltoria.fr\/?page_id=582"},"modified":"2025-11-03T19:20:27","modified_gmt":"2025-11-03T18:20:27","slug":"582-2","status":"publish","type":"page","link":"https:\/\/saltoria.fr\/index.php\/582-2\/","title":{"rendered":""},"content":{"rendered":"\n<div class=\"wp-block-group alignfull has-background-background-color has-background is-layout-flow wp-block-group-is-layout-flow\" style=\"padding-top:6vw;padding-right:6vw;padding-bottom:6vw;padding-left:6vw\">\n<div class=\"wp-block-group is-vertical is-nowrap is-layout-flex wp-container-core-group-is-layout-36fd9ea3 wp-block-group-is-layout-flex\" style=\"padding-right:0;padding-left:0\">\n<p class=\"has-text-color\" style=\"color:#000000;font-size:6vw;font-style:normal;font-weight:700;letter-spacing:0px;line-height:0.9;text-decoration:none;text-transform:none\"><mark style=\"background-color:rgba(0, 0, 0, 0)\" class=\"has-inline-color has-foreground-color\">Olivia Wely<\/mark><\/p>\n\n\n\n<h6 class=\"wp-block-heading has-text-color\" id=\"ecosystem\" style=\"color:#000000;font-size:16px\"><mark style=\"background-color:rgba(0, 0, 0, 0)\" class=\"has-inline-color has-foreground-color\">DANSEUSE, COSTUMI\u00c8RE<\/mark><\/h6>\n\n\n\n<p><em>Danse et reconstitution historique en Renaissance, XIXe si\u00e8cle et Belle \u00e9poque <\/em>\/ <em>Costumi\u00e8re pour la sc\u00e8ne et l\u2019audiovisuel<\/em><\/p>\n<\/div>\n\n\n\n<div style=\"height:1vw\" aria-hidden=\"true\" class=\"wp-block-spacer\"><\/div>\n\n\n\n<div class=\"wp-block-group alignwide is-vertical is-nowrap is-layout-flex wp-container-core-group-is-layout-7946b6b8 wp-block-group-is-layout-flex\" style=\"padding-top:0;padding-right:0;padding-bottom:0;padding-left:0\">\n<div class=\"wp-block-columns alignwide is-layout-flex wp-container-core-columns-is-layout-21b20327 wp-block-columns-is-layout-flex\">\n<div class=\"wp-block-column is-layout-flow wp-block-column-is-layout-flow\" style=\"flex-basis:33.38%\">\n<p class=\"has-text-color\" style=\"color:#000000;font-size:17px\"><mark style=\"background-color:rgba(0, 0, 0, 0)\" class=\"has-inline-color has-foreground-color\">Passionn\u00e9e de danse et d\u2019histoire de la mode, Olivia est danseuse et costumi\u00e8re sp\u00e9cialis\u00e9e depuis 2011 dans les danses et costumes du XIXe si\u00e8cle et de la Belle \u00c9poque. Elle s\u2019aventure \u00e9galement du c\u00f4t\u00e9 de la Renaissance, cherchant \u00e0 redonner vie aux styles et aux sensibilit\u00e9s de ces \u00e9poques r\u00e9volues.<\/mark><\/p>\n\n\n\n<p class=\"has-text-color\" style=\"color:#000000;font-size:17px\"><mark style=\"background-color:rgba(0, 0, 0, 0)\" class=\"has-inline-color has-foreground-color\">Elle a pris part \u00e0 de nombreux \u00e9v\u00e9nements de reconstitutions historiques et collabor\u00e9 \u00e0 la cr\u00e9ation de chor\u00e9graphies, notamment aux c\u00f4t\u00e9s de Jean-Guillaume Bart, danseur \u00e9toile de l\u2019Op\u00e9ra de Paris, avec qui elle a remport\u00e9 le titre de&nbsp;<strong>championne de France de danse historique<\/strong>&nbsp;de 2014 \u00e0 2017.<br><\/mark><\/p>\n<\/div>\n\n\n\n<div class=\"wp-block-column is-layout-flow wp-block-column-is-layout-flow\" style=\"flex-basis:33%\">\n<figure class=\"wp-block-image size-large\"><img loading=\"lazy\" decoding=\"async\" width=\"692\" height=\"1024\" src=\"http:\/\/saltoria.fr\/wp-content\/uploads\/2025\/11\/image00004-692x1024.jpeg\" alt=\"\" class=\"wp-image-561\" srcset=\"https:\/\/saltoria.fr\/wp-content\/uploads\/2025\/11\/image00004-692x1024.jpeg 692w, https:\/\/saltoria.fr\/wp-content\/uploads\/2025\/11\/image00004-203x300.jpeg 203w, https:\/\/saltoria.fr\/wp-content\/uploads\/2025\/11\/image00004-768x1137.jpeg 768w, https:\/\/saltoria.fr\/wp-content\/uploads\/2025\/11\/image00004-1038x1536.jpeg 1038w, https:\/\/saltoria.fr\/wp-content\/uploads\/2025\/11\/image00004-1170x1732.jpeg 1170w, https:\/\/saltoria.fr\/wp-content\/uploads\/2025\/11\/image00004.jpeg 1335w\" sizes=\"auto, (max-width: 692px) 100vw, 692px\" \/><\/figure>\n<\/div>\n\n\n\n<div class=\"wp-block-column is-layout-flow wp-block-column-is-layout-flow\" style=\"flex-basis:33.62%\">\n<figure class=\"wp-block-image size-large is-resized\"><img loading=\"lazy\" decoding=\"async\" width=\"682\" height=\"1024\" src=\"http:\/\/saltoria.fr\/wp-content\/uploads\/2025\/11\/image00037-682x1024.jpeg\" alt=\"\" class=\"wp-image-574\" style=\"width:382px;height:auto\" srcset=\"https:\/\/saltoria.fr\/wp-content\/uploads\/2025\/11\/image00037-682x1024.jpeg 682w, https:\/\/saltoria.fr\/wp-content\/uploads\/2025\/11\/image00037-200x300.jpeg 200w, https:\/\/saltoria.fr\/wp-content\/uploads\/2025\/11\/image00037-768x1154.jpeg 768w, https:\/\/saltoria.fr\/wp-content\/uploads\/2025\/11\/image00037-1022x1536.jpeg 1022w, https:\/\/saltoria.fr\/wp-content\/uploads\/2025\/11\/image00037-1170x1758.jpeg 1170w, https:\/\/saltoria.fr\/wp-content\/uploads\/2025\/11\/image00037.jpeg 1363w\" sizes=\"auto, (max-width: 682px) 100vw, 682px\" \/><\/figure>\n<\/div>\n<\/div>\n\n\n\n<div class=\"wp-block-columns alignwide is-layout-flex wp-container-core-columns-is-layout-c24efe4f wp-block-columns-is-layout-flex\">\n<div class=\"wp-block-column is-layout-flow wp-block-column-is-layout-flow\" style=\"flex-basis:69%\">\n<figure class=\"wp-block-image size-full\"><img loading=\"lazy\" decoding=\"async\" width=\"1920\" height=\"2560\" src=\"http:\/\/saltoria.fr\/wp-content\/uploads\/2025\/11\/image00039-scaled.jpeg\" alt=\"\" class=\"wp-image-576\" srcset=\"https:\/\/saltoria.fr\/wp-content\/uploads\/2025\/11\/image00039-scaled.jpeg 1920w, https:\/\/saltoria.fr\/wp-content\/uploads\/2025\/11\/image00039-225x300.jpeg 225w, https:\/\/saltoria.fr\/wp-content\/uploads\/2025\/11\/image00039-768x1024.jpeg 768w, https:\/\/saltoria.fr\/wp-content\/uploads\/2025\/11\/image00039-1152x1536.jpeg 1152w, https:\/\/saltoria.fr\/wp-content\/uploads\/2025\/11\/image00039-1536x2048.jpeg 1536w, https:\/\/saltoria.fr\/wp-content\/uploads\/2025\/11\/image00039-1170x1560.jpeg 1170w\" sizes=\"auto, (max-width: 1920px) 100vw, 1920px\" \/><\/figure>\n<\/div>\n\n\n\n<div class=\"wp-block-column is-vertically-aligned-center is-layout-flow wp-block-column-is-layout-flow\" style=\"flex-basis:33%\">\n<p class=\"has-text-color\" style=\"color:#000000;font-size:17px\"><mark style=\"background-color:rgba(0, 0, 0, 0)\" class=\"has-inline-color has-foreground-color\">\u00c9galement passionn\u00e9e par l\u2019histoire du costume, Olivia s\u2019attache \u00e0 comprendre les liens entre le v\u00eatement, le mouvement et l\u2019\u00e9poque. D\u2019abord cr\u00e9\u00e9s pour ses propres besoins lors des bals et reconstitutions, ses costumes sont rapidement devenus une v\u00e9ritable d\u00e9marche artistique et historique. Apr\u00e8s 10 ans de cr\u00e9ation de costumes en autodidacte tout en travaillant \u00e0 la F\u00e9d\u00e9ration fran\u00e7aise de danse pendant 6 ans, elle se forme au m\u00e9tier de costumi\u00e8re aupr\u00e8s du&nbsp;<strong>GRETA de la Cr\u00e9ation, du Design et des M\u00e9tiers d\u2019Art<\/strong>, dont elle est dipl\u00f4m\u00e9e en sp\u00e9cialit\u00e9&nbsp;<strong>costumes de sc\u00e8ne<\/strong> en 2025.<\/mark><\/p>\n\n\n\n<p class=\"has-text-color\" style=\"color:#000000;font-size:17px\"><mark style=\"background-color:rgba(0, 0, 0, 0)\" class=\"has-inline-color has-foreground-color\">Elle s\u2019int\u00e9resse aujourd\u2019hui au dialogue entre costume historique et mouvement afin de r\u00e9pondre au mieux aux contraintes impos\u00e9es par ces deux domaines et ainsi contribuer \u00e0 faire revivre les danses du pass\u00e9.&nbsp;<br><br><\/mark><\/p>\n<\/div>\n<\/div>\n<\/div>\n<\/div>\n","protected":false},"excerpt":{"rendered":"<p>Olivia Wely DANSEUSE, COSTUMI\u00c8RE Danse et reconstitution historique en Renaissance, XIXe si\u00e8cle et Belle \u00e9poque \/ Costumi\u00e8re pour la sc\u00e8ne et l\u2019audiovisuel Passionn\u00e9e de danse et d\u2019histoire de la mode, Olivia est danseuse et costumi\u00e8re sp\u00e9cialis\u00e9e depuis 2011 dans les danses et costumes du XIXe si\u00e8cle et de la Belle \u00c9poque. Elle s\u2019aventure \u00e9galement du [&hellip;]<\/p>\n","protected":false},"author":1,"featured_media":0,"parent":0,"menu_order":0,"comment_status":"closed","ping_status":"closed","template":"","meta":{"_themeisle_gutenberg_block_has_review":false,"footnotes":""},"class_list":["post-582","page","type-page","status-publish","hentry"],"_links":{"self":[{"href":"https:\/\/saltoria.fr\/index.php\/wp-json\/wp\/v2\/pages\/582","targetHints":{"allow":["GET"]}}],"collection":[{"href":"https:\/\/saltoria.fr\/index.php\/wp-json\/wp\/v2\/pages"}],"about":[{"href":"https:\/\/saltoria.fr\/index.php\/wp-json\/wp\/v2\/types\/page"}],"author":[{"embeddable":true,"href":"https:\/\/saltoria.fr\/index.php\/wp-json\/wp\/v2\/users\/1"}],"replies":[{"embeddable":true,"href":"https:\/\/saltoria.fr\/index.php\/wp-json\/wp\/v2\/comments?post=582"}],"version-history":[{"count":2,"href":"https:\/\/saltoria.fr\/index.php\/wp-json\/wp\/v2\/pages\/582\/revisions"}],"predecessor-version":[{"id":585,"href":"https:\/\/saltoria.fr\/index.php\/wp-json\/wp\/v2\/pages\/582\/revisions\/585"}],"wp:attachment":[{"href":"https:\/\/saltoria.fr\/index.php\/wp-json\/wp\/v2\/media?parent=582"}],"curies":[{"name":"wp","href":"https:\/\/api.w.org\/{rel}","templated":true}]}}