{"id":217,"date":"2025-03-10T20:01:08","date_gmt":"2025-03-10T19:01:08","guid":{"rendered":"https:\/\/saltoria.fr\/?page_id=217"},"modified":"2025-03-11T11:04:01","modified_gmt":"2025-03-11T10:04:01","slug":"julientiberghien","status":"publish","type":"page","link":"https:\/\/saltoria.fr\/index.php\/julientiberghien\/","title":{"rendered":"Julien Tiberghien"},"content":{"rendered":"\n<p class=\"has-text-align-center\"><em>Danseur, reconstituteur, transmetteur en danses du XIXe &amp; d\u00e9but XXe si\u00e8cles<\/em><\/p>\n\n\n\n<section id=\"services\" class=\"wp-block-themeisle-blocks-advanced-columns alignfull has-1-columns has-desktop-equal-layout has-tablet-equal-layout has-mobile-equal-layout has-vertical-flex-start has-dark-bg\"><div class=\"wp-block-themeisle-blocks-advanced-columns-overlay\"><\/div><div class=\"innerblocks-wrap\">\n<div id=\"wp-block-themeisle-blocks-advanced-column-9642dc3f\" class=\"wp-block-themeisle-blocks-advanced-column\">\n<figure class=\"wp-block-gallery aligncenter has-nested-images columns-default is-cropped wp-block-gallery-1 is-layout-flex wp-block-gallery-is-layout-flex\">\n<figure class=\"wp-block-image size-full\"><img loading=\"lazy\" decoding=\"async\" width=\"2048\" height=\"1367\" data-id=\"87\" src=\"https:\/\/saltoria.fr\/wp-content\/uploads\/2024\/05\/336668575_524333559683210_5932738034389230592_n.jpg\" alt=\"\" class=\"wp-image-87\" srcset=\"https:\/\/saltoria.fr\/wp-content\/uploads\/2024\/05\/336668575_524333559683210_5932738034389230592_n.jpg 2048w, https:\/\/saltoria.fr\/wp-content\/uploads\/2024\/05\/336668575_524333559683210_5932738034389230592_n-300x200.jpg 300w, https:\/\/saltoria.fr\/wp-content\/uploads\/2024\/05\/336668575_524333559683210_5932738034389230592_n-1024x684.jpg 1024w, https:\/\/saltoria.fr\/wp-content\/uploads\/2024\/05\/336668575_524333559683210_5932738034389230592_n-768x513.jpg 768w, https:\/\/saltoria.fr\/wp-content\/uploads\/2024\/05\/336668575_524333559683210_5932738034389230592_n-1536x1025.jpg 1536w\" sizes=\"auto, (max-width: 2048px) 100vw, 2048px\" \/><\/figure>\n<\/figure>\n\n\n\n<p><\/p>\n\n\n\n<p><\/p>\n\n\n\n<p class=\"has-headings-font-family\" style=\"border-style:none;border-width:0px;border-radius:0px;margin-right:var(--wp--preset--spacing--60);margin-left:var(--wp--preset--spacing--60);font-size:1.3rem;font-style:normal;font-weight:400\">Passionn\u00e9 de danse, de musique et d\u2019histoire, Julien Tiberghien est danseur et professeur&nbsp;sp\u00e9cialis\u00e9 dans la danse historique de la seconde moiti\u00e9 du XIXe si\u00e8cle et du d\u00e9but du XXe si\u00e8cle. Il m\u00e8ne de nombreuses recherches et reconstitutions des danses pratiqu\u00e9es \u00e0 cette p\u00e9riode dans les salons d\u2019Europe et d\u2019outre Atlantique, qu\u2019il transmet au sein de ses cours, stages, bals, et d\u2019\u00e9v\u00e9nements dans\u00e9s.<\/p>\n\n\n\n<p style=\"margin-top:0;margin-right:var(--wp--preset--spacing--60);margin-bottom:0;margin-left:var(--wp--preset--spacing--60);font-size:1.3rem\">Titulaire d\u2019un dipl\u00f4me en enseignement de la danse de couple, Julien a pratiqu\u00e9 la danse sportive en comp\u00e9tition en France et \u00e0 l\u2019\u00e9tranger, entre 2008 et 2018 tout en se formant aupr\u00e8s de sp\u00e9cialistes de la danse historique reconnus tels que Richard Powers (USA), Sylvia Hartung (Allemagne), Yvonne Vart (France), etc. Parall\u00e8lement, il a travaill\u00e9 en tant que documentaliste aupr\u00e8s de la chor\u00e9graphe am\u00e9ricaine Carolyn Carlson au Centre Chor\u00e9graphique National de Roubaix, ainsi qu\u2019avec la biblioth\u00e8que de l\u2019<strong>Op\u00e9ra<\/strong>&nbsp;de Paris pour la conservation de la documentation capt\u00e9e de la danse contemporaine.<\/p>\n\n\n\n<p><\/p>\n\n\n\n<p style=\"margin-top:0;margin-right:var(--wp--preset--spacing--60);margin-bottom:0;margin-left:var(--wp--preset--spacing--60);font-size:1.3rem\">Depuis 2009, Julien enseigne la danse de couple et de groupe, qu\u2019il enrichit d\u2019un regard transversal du XIXe si\u00e8cle \u00e0 nos jours. Intuitif et p\u00e9dagogue, il cherche avant tout \u00e0 transmettre le&nbsp;<strong>plaisir de danser&nbsp;<\/strong>en couple et en harmonie, telles les plan\u00e8tes \u00e9voqu\u00e9es par Henri Cellarius en 1844.<\/p>\n\n\n\n<p><\/p>\n\n\n\n<p style=\"margin-top:0;margin-right:var(--wp--preset--spacing--60);margin-bottom:0;margin-left:var(--wp--preset--spacing--60);font-size:1.3rem\">Sa technicit\u00e9 et sa sensibilit\u00e9 l\u2019am\u00e8nent \u00e0 intervenir lors de&nbsp;<strong>stages&nbsp;<\/strong>de danse historique en France et \u00e0 l\u2019\u00e9tranger (Belgique, Russie), lors de&nbsp;<strong>conf\u00e9rences<\/strong>&nbsp;en ligne (Mid Summer Early Dance and Music Festival ou l\u2019International Festival of Historical Dance), ainsi que comme&nbsp;<strong>juge<\/strong>&nbsp;et conseiller chor\u00e9graphique \u00e0 l\u2019occasion des championnats de danses historiques de Russie.<\/p>\n\n\n\n<p><\/p>\n\n\n\n<p style=\"margin-top:0;margin-right:var(--wp--preset--spacing--60);margin-bottom:0;margin-left:var(--wp--preset--spacing--60);font-size:1.3rem\">Riche de son parcours de chercheur, danseur, chor\u00e9graphe et professeur, Julien intervient dans le milieu de la reconstitution historique au sein de nombreux \u00e9v\u00e9nements dans\u00e9s (Paris, Versailles, Edimbourg, Moscou, Vienne, etc.). Il y pr\u00e9sente ses&nbsp;<strong>reconstitutions<\/strong>&nbsp;telles que le Lawn Tennis Quadrille de 1881, le <a href=\"https:\/\/julientiberghien.com\/index.php\/projets\/le-quadrille-des-abeilles\/\">Quadrille des Abeilles de 1863<\/a>, la Mazurka Gawlikowski de 1857 ou encore L\u2019Etoile des Valseurs de 1890.&nbsp;Il con\u00e7oit \u00e9galement ses bals historiques&nbsp;\u00e0 th\u00e8mes avec passion et minutie (Orientalisme et Ballets russes, le bal des Ghillies, Titanic, etc.).<\/p>\n\n\n\n<p><\/p>\n\n\n\n<p style=\"margin-top:0;margin-right:var(--wp--preset--spacing--60);margin-bottom:0;margin-left:var(--wp--preset--spacing--60);font-size:1.3rem\">De la collaboration avec des musiciens sp\u00e9cialis\u00e9s, aux reconstitutions chor\u00e9graphiques, en passant par les costumes et les d\u00e9cors, Julien ne laisse rien au hasard, afin de plonger les participants dans un pass\u00e9 festif et lumineux !<\/p>\n\n\n\n<p><\/p>\n\n\n\n<p><\/p>\n\n\n\n<p><\/p>\n\n\n\n<div class=\"wp-block-cover alignfull has-parallax\" style=\"min-height:230px;aspect-ratio:unset;\"><span aria-hidden=\"true\" class=\"wp-block-cover__background has-background-dim-40 has-background-dim\" style=\"background-color:#000000\"><\/span><div class=\"wp-block-cover__image-background wp-image-248 has-parallax\" style=\"background-position:50% 50%;background-image:url(https:\/\/saltoria.fr\/wp-content\/uploads\/2025\/03\/481168673_1183487763759504_1768263303320965087_n.jpg)\"><\/div><div class=\"wp-block-cover__inner-container is-layout-flow wp-block-cover-is-layout-flow\">\n<div class=\"wp-block-columns alignwide is-layout-flex wp-container-core-columns-is-layout-28f84493 wp-block-columns-is-layout-flex\">\n<div class=\"wp-block-column is-layout-flow wp-block-column-is-layout-flow\" style=\"flex-basis:60%\">\n<h4 class=\"wp-block-heading has-text-color\" style=\"color:#ffffff\"><em>Retrouvez Julien Tiberghien<\/em><\/h4>\n\n\n\n<div class=\"wp-block-buttons is-layout-flex wp-container-core-buttons-is-layout-e7219c75 wp-block-buttons-is-layout-flex\" style=\"border-style:none;border-width:0px;border-radius:0px\">\n<div class=\"wp-block-button has-custom-font-size is-style-outline has-headings-font-family has-base-font-size is-style-outline--2\" style=\"font-style:normal;font-weight:400\"><a class=\"wp-block-button__link has-text-color has-background wp-element-button\" href=\"https:\/\/julientiberghien.com\/\" style=\"border-width:1px;border-radius:0px;color:#ffffff;background-color:#000000;padding-top:var(--wp--preset--spacing--30);padding-right:var(--wp--preset--spacing--30);padding-bottom:var(--wp--preset--spacing--30);padding-left:var(--wp--preset--spacing--30)\">julientiberghien.com<\/a><\/div>\n<\/div>\n\n\n\n<ul class=\"wp-block-social-links is-layout-flex wp-block-social-links-is-layout-flex\"><li class=\"wp-social-link wp-social-link-facebook  wp-block-social-link\"><a href=\"https:\/\/www.facebook.com\/julien.tiberghien.5\" class=\"wp-block-social-link-anchor\"><svg width=\"24\" height=\"24\" viewBox=\"0 0 24 24\" version=\"1.1\" xmlns=\"http:\/\/www.w3.org\/2000\/svg\" aria-hidden=\"true\" focusable=\"false\"><path d=\"M12 2C6.5 2 2 6.5 2 12c0 5 3.7 9.1 8.4 9.9v-7H7.9V12h2.5V9.8c0-2.5 1.5-3.9 3.8-3.9 1.1 0 2.2.2 2.2.2v2.5h-1.3c-1.2 0-1.6.8-1.6 1.6V12h2.8l-.4 2.9h-2.3v7C18.3 21.1 22 17 22 12c0-5.5-4.5-10-10-10z\"><\/path><\/svg><span class=\"wp-block-social-link-label screen-reader-text\">Facebook<\/span><\/a><\/li>\n\n<li class=\"wp-social-link wp-social-link-instagram  wp-block-social-link\"><a href=\"https:\/\/www.instagram.com\/julientiberghien\/\" class=\"wp-block-social-link-anchor\"><svg width=\"24\" height=\"24\" viewBox=\"0 0 24 24\" version=\"1.1\" xmlns=\"http:\/\/www.w3.org\/2000\/svg\" aria-hidden=\"true\" focusable=\"false\"><path d=\"M12,4.622c2.403,0,2.688,0.009,3.637,0.052c0.877,0.04,1.354,0.187,1.671,0.31c0.42,0.163,0.72,0.358,1.035,0.673 c0.315,0.315,0.51,0.615,0.673,1.035c0.123,0.317,0.27,0.794,0.31,1.671c0.043,0.949,0.052,1.234,0.052,3.637 s-0.009,2.688-0.052,3.637c-0.04,0.877-0.187,1.354-0.31,1.671c-0.163,0.42-0.358,0.72-0.673,1.035 c-0.315,0.315-0.615,0.51-1.035,0.673c-0.317,0.123-0.794,0.27-1.671,0.31c-0.949,0.043-1.233,0.052-3.637,0.052 s-2.688-0.009-3.637-0.052c-0.877-0.04-1.354-0.187-1.671-0.31c-0.42-0.163-0.72-0.358-1.035-0.673 c-0.315-0.315-0.51-0.615-0.673-1.035c-0.123-0.317-0.27-0.794-0.31-1.671C4.631,14.688,4.622,14.403,4.622,12 s0.009-2.688,0.052-3.637c0.04-0.877,0.187-1.354,0.31-1.671c0.163-0.42,0.358-0.72,0.673-1.035 c0.315-0.315,0.615-0.51,1.035-0.673c0.317-0.123,0.794-0.27,1.671-0.31C9.312,4.631,9.597,4.622,12,4.622 M12,3 C9.556,3,9.249,3.01,8.289,3.054C7.331,3.098,6.677,3.25,6.105,3.472C5.513,3.702,5.011,4.01,4.511,4.511 c-0.5,0.5-0.808,1.002-1.038,1.594C3.25,6.677,3.098,7.331,3.054,8.289C3.01,9.249,3,9.556,3,12c0,2.444,0.01,2.751,0.054,3.711 c0.044,0.958,0.196,1.612,0.418,2.185c0.23,0.592,0.538,1.094,1.038,1.594c0.5,0.5,1.002,0.808,1.594,1.038 c0.572,0.222,1.227,0.375,2.185,0.418C9.249,20.99,9.556,21,12,21s2.751-0.01,3.711-0.054c0.958-0.044,1.612-0.196,2.185-0.418 c0.592-0.23,1.094-0.538,1.594-1.038c0.5-0.5,0.808-1.002,1.038-1.594c0.222-0.572,0.375-1.227,0.418-2.185 C20.99,14.751,21,14.444,21,12s-0.01-2.751-0.054-3.711c-0.044-0.958-0.196-1.612-0.418-2.185c-0.23-0.592-0.538-1.094-1.038-1.594 c-0.5-0.5-1.002-0.808-1.594-1.038c-0.572-0.222-1.227-0.375-2.185-0.418C14.751,3.01,14.444,3,12,3L12,3z M12,7.378 c-2.552,0-4.622,2.069-4.622,4.622S9.448,16.622,12,16.622s4.622-2.069,4.622-4.622S14.552,7.378,12,7.378z M12,15 c-1.657,0-3-1.343-3-3s1.343-3,3-3s3,1.343,3,3S13.657,15,12,15z M16.804,6.116c-0.596,0-1.08,0.484-1.08,1.08 s0.484,1.08,1.08,1.08c0.596,0,1.08-0.484,1.08-1.08S17.401,6.116,16.804,6.116z\"><\/path><\/svg><span class=\"wp-block-social-link-label screen-reader-text\">Instagram<\/span><\/a><\/li>\n\n<li class=\"wp-social-link wp-social-link-youtube  wp-block-social-link\"><a href=\"https:\/\/www.youtube.com\/channel\/UCDaE4Wnd0NpL296WRQ6UXpw\" class=\"wp-block-social-link-anchor\"><svg width=\"24\" height=\"24\" viewBox=\"0 0 24 24\" version=\"1.1\" xmlns=\"http:\/\/www.w3.org\/2000\/svg\" aria-hidden=\"true\" focusable=\"false\"><path d=\"M21.8,8.001c0,0-0.195-1.378-0.795-1.985c-0.76-0.797-1.613-0.801-2.004-0.847c-2.799-0.202-6.997-0.202-6.997-0.202 h-0.009c0,0-4.198,0-6.997,0.202C4.608,5.216,3.756,5.22,2.995,6.016C2.395,6.623,2.2,8.001,2.2,8.001S2,9.62,2,11.238v1.517 c0,1.618,0.2,3.237,0.2,3.237s0.195,1.378,0.795,1.985c0.761,0.797,1.76,0.771,2.205,0.855c1.6,0.153,6.8,0.201,6.8,0.201 s4.203-0.006,7.001-0.209c0.391-0.047,1.243-0.051,2.004-0.847c0.6-0.607,0.795-1.985,0.795-1.985s0.2-1.618,0.2-3.237v-1.517 C22,9.62,21.8,8.001,21.8,8.001z M9.935,14.594l-0.001-5.62l5.404,2.82L9.935,14.594z\"><\/path><\/svg><span class=\"wp-block-social-link-label screen-reader-text\">YouTube<\/span><\/a><\/li><\/ul>\n<\/div>\n\n\n\n<div class=\"wp-block-column is-layout-flow wp-block-column-is-layout-flow\"><\/div>\n<\/div>\n<\/div><\/div>\n\n\n\n<p><\/p>\n<\/div>\n<\/div><\/section>\n","protected":false},"excerpt":{"rendered":"<p>Danseur, reconstituteur, transmetteur en danses du XIXe &amp; d\u00e9but XXe si\u00e8cles<\/p>\n","protected":false},"author":1,"featured_media":0,"parent":0,"menu_order":0,"comment_status":"closed","ping_status":"closed","template":"","meta":{"_themeisle_gutenberg_block_has_review":false,"footnotes":""},"class_list":["post-217","page","type-page","status-publish","hentry"],"_links":{"self":[{"href":"https:\/\/saltoria.fr\/index.php\/wp-json\/wp\/v2\/pages\/217","targetHints":{"allow":["GET"]}}],"collection":[{"href":"https:\/\/saltoria.fr\/index.php\/wp-json\/wp\/v2\/pages"}],"about":[{"href":"https:\/\/saltoria.fr\/index.php\/wp-json\/wp\/v2\/types\/page"}],"author":[{"embeddable":true,"href":"https:\/\/saltoria.fr\/index.php\/wp-json\/wp\/v2\/users\/1"}],"replies":[{"embeddable":true,"href":"https:\/\/saltoria.fr\/index.php\/wp-json\/wp\/v2\/comments?post=217"}],"version-history":[{"count":9,"href":"https:\/\/saltoria.fr\/index.php\/wp-json\/wp\/v2\/pages\/217\/revisions"}],"predecessor-version":[{"id":260,"href":"https:\/\/saltoria.fr\/index.php\/wp-json\/wp\/v2\/pages\/217\/revisions\/260"}],"wp:attachment":[{"href":"https:\/\/saltoria.fr\/index.php\/wp-json\/wp\/v2\/media?parent=217"}],"curies":[{"name":"wp","href":"https:\/\/api.w.org\/{rel}","templated":true}]}}